{"id":291,"date":"2018-03-29T16:04:04","date_gmt":"2018-03-29T16:04:04","guid":{"rendered":"http:\/\/www.svet-erotiky.eu\/?page_id=291"},"modified":"2024-03-06T16:47:30","modified_gmt":"2024-03-06T16:47:30","slug":"cookies","status":"publish","type":"page","link":"https:\/\/www.svet-erotiky.eu\/index.php\/cookies\/","title":{"rendered":"COOKIES"},"content":{"rendered":"<h1 style=\"text-align: center;\">COOKIES<\/h1>\n<ul>\n<li><strong>Co jsou soubory cookies?<\/strong><\/li>\n<\/ul>\n<p>Soubory cookies jsou kr\u00e1tk\u00e9 textov\u00e9 soubory, kter\u00e9 internetov\u00e1 str\u00e1nka ode\u0161le do Va\u0161eho prohl\u00ed\u017ee\u010de. Umo\u017e\u0148uje internetov\u00e9 str\u00e1nce zaznamenat informace o Va\u0161\u00ed n\u00e1v\u0161t\u011bv\u011b, nap\u0159\u00edklad zvolen\u00fd jazyk a podobn\u011b. N\u00e1sleduj\u00edc\u00ed n\u00e1v\u0161t\u011bva str\u00e1nek tak pro V\u00e1s m\u016f\u017ee b\u00fdt snaz\u0161\u00ed a p\u0159\u00edjemn\u011bj\u0161\u00ed. Soubory umo\u017e\u0148uj\u00ed lep\u0161\u00ed vyu\u017eit\u00ed na\u0161\u00ed internetov\u00e9 str\u00e1nky a p\u0159izp\u016fsoben\u00ed jej\u00edho obsahu Va\u0161im pot\u0159eb\u00e1m, pou\u017e\u00edv\u00e1 je t\u00e9m\u011b\u0159 ka\u017ed\u00e1 internetov\u00e1 str\u00e1nka na sv\u011bt\u011b. Jsou velmi u\u017eite\u010dn\u00e9, proto\u017ee zvy\u0161uj\u00ed u\u017eivatelskou p\u0159\u00edv\u011btivost opakovan\u011b nav\u0161t\u00edven\u00e9 internetov\u00e9 str\u00e1nky.<\/p>\n<ul>\n<li><strong>Druhy soubor\u016f<\/strong><\/li>\n<\/ul>\n<p>1) Rela\u010dn\u00ed (tedy do\u010dasn\u00e9) soubory n\u00e1m umo\u017e\u0148uj\u00ed propojovat Va\u0161e jednotliv\u00e9 aktivity po dobu prohl\u00ed\u017een\u00ed t\u011bchto internetov\u00fdch str\u00e1nek. V okam\u017eiku otev\u0159en\u00ed okna Va\u0161eho prohl\u00ed\u017ee\u010de se tyto soubory aktivuj\u00ed a deaktivuj\u00ed se po zav\u0159en\u00ed okna Va\u0161eho prohl\u00ed\u017ee\u010de. Rela\u010dn\u00ed jsou do\u010dasn\u00e9 a po zav\u0159en\u00ed prohl\u00ed\u017ee\u010de se v\u0161echny tyto soubory vyma\u017eou.<\/p>\n<p>2) Trval\u00e9 soubory n\u00e1m pom\u00e1haj\u00ed V\u00e1\u0161 po\u010d\u00edta\u010d identifikovat, jestli\u017ee op\u011btovn\u011b nav\u0161t\u00edv\u00edte na\u0161i internetovou str\u00e1nku. Dal\u0161\u00ed v\u00fdhodou trval\u00fdch soubor\u016f je to, \u017ee n\u00e1m umo\u017e\u0148uj\u00ed p\u0159izp\u016fsobit na\u0161e internetov\u00e9 str\u00e1nky Va\u0161im pot\u0159eb\u00e1m.<\/p>\n<ul>\n<li><strong>Vyu\u017e\u00edv\u00e1n\u00ed soubor\u016f<\/strong><\/li>\n<\/ul>\n<p>V souladu s ustanoven\u00edm \u00a7 89 odst. 3 z\u00e1k. \u010d. 127\/2005 Sb., o elektronick\u00fdch komunikac\u00edch, v \u00fa\u010dinn\u00e9m zn\u011bn\u00ed, si V\u00e1s t\u00edmto dovolujeme informovat, \u017ee na\u0161e internetov\u00e9 str\u00e1nky vyu\u017e\u00edvaj\u00ed pro svoji \u010dinnost soubory cookies, tedy Va\u0161e soubory, v\u010detn\u011b trval\u00fdch, zpracov\u00e1v\u00e1me.<\/p>\n<ul>\n<li><strong>\u00da\u010del pou\u017eit\u00ed soubor\u016f<\/strong><\/li>\n<\/ul>\n<p>K personalizaci obsahu a reklam, poskytov\u00e1n\u00ed funkc\u00ed soci\u00e1ln\u00edch m\u00e9di\u00ed a anal\u00fdze na\u0161\u00ed n\u00e1v\u0161t\u011bvnosti vyu\u017e\u00edv\u00e1me soubory cookies. Informace o tom, jak n\u00e1\u0161 web pou\u017e\u00edv\u00e1te, sd\u00edl\u00edme se sv\u00fdmi partnery p\u016fsob\u00edc\u00edmi v oblasti soci\u00e1ln\u00edch m\u00e9di\u00ed, inzerce a anal\u00fdz.<\/p>\n<p><strong>Tento souhlas je ud\u011blen na dobu jednoho m\u011bs\u00edce<\/strong>.<\/p>\n<p>Internetov\u00e9 prohl\u00ed\u017ee\u010de obvykle obsahuj\u00ed spr\u00e1vu soubor\u016f cookies. V r\u00e1mci nastaven\u00ed Va\u0161eho prohl\u00ed\u017ee\u010de tak pravd\u011bpodobn\u011b m\u016f\u017eete jednotliv\u00e9 soubory ru\u010dn\u011b smazat, blokovat \u010di zcela zak\u00e1zat jejich pou\u017e\u00edv\u00e1n\u00ed. Pro v\u00edce informac\u00ed\u00a0 pou\u017eijte n\u00e1pov\u011bdu Va\u0161eho internetov\u00e9ho prohl\u00ed\u017ee\u010de.<\/p>\n<p>Pokud m\u00e1te jak\u00fdkoliv dotaz, tak nev\u00e1hejte a kontaktujte n\u00e1s skrze sekci <span style=\"color: #ff0000;\"><a style=\"color: #ff0000;\" href=\"https:\/\/www.svet-erotiky.eu\/index.php\/6-2\/\">kontakt<\/a><\/span>.<\/p>\n","protected":false},"excerpt":{"rendered":"<p>COOKIES Co jsou soubory cookies? Soubory cookies jsou kr\u00e1tk\u00e9 textov\u00e9 soubory, kter\u00e9 internetov\u00e1 str\u00e1nka ode\u0161le do Va\u0161eho prohl\u00ed\u017ee\u010de. Umo\u017e\u0148uje internetov\u00e9 str\u00e1nce zaznamenat informace o Va\u0161\u00ed n\u00e1v\u0161t\u011bv\u011b, nap\u0159\u00edklad zvolen\u00fd jazyk a podobn\u011b. N\u00e1sleduj\u00edc\u00ed n\u00e1v\u0161t\u011bva str\u00e1nek tak pro V\u00e1s m\u016f\u017ee b\u00fdt snaz\u0161\u00ed a p\u0159\u00edjemn\u011bj\u0161\u00ed. Soubory umo\u017e\u0148uj\u00ed lep\u0161\u00ed vyu\u017eit\u00ed na\u0161\u00ed internetov\u00e9 str\u00e1nky a p\u0159izp\u016fsoben\u00ed jej\u00edho obsahu Va\u0161im pot\u0159eb\u00e1m, pou\u017e\u00edv\u00e1 je t\u00e9m\u011b\u0159 ka\u017ed\u00e1 internetov\u00e1 str\u00e1nka na sv\u011bt\u011b. Jsou velmi u\u017eite\u010dn\u00e9, proto\u017ee zvy\u0161uj\u00ed u\u017eivatelskou p\u0159\u00edv\u011btivost opakovan\u011b nav\u0161t\u00edven\u00e9 internetov\u00e9 str\u00e1nky. Druhy soubor\u016f 1) Rela\u010dn\u00ed (tedy do\u010dasn\u00e9) soubory n\u00e1m umo\u017e\u0148uj\u00ed propojovat Va\u0161e jednotliv\u00e9 aktivity po dobu prohl\u00ed\u017een\u00ed t\u011bchto internetov\u00fdch str\u00e1nek. V okam\u017eiku otev\u0159en\u00ed okna Va\u0161eho prohl\u00ed\u017ee\u010de se tyto soubory aktivuj\u00ed a deaktivuj\u00ed se po zav\u0159en\u00ed okna Va\u0161eho prohl\u00ed\u017ee\u010de. Rela\u010dn\u00ed jsou do\u010dasn\u00e9 a po zav\u0159en\u00ed prohl\u00ed\u017ee\u010de se v\u0161echny tyto soubory vyma\u017eou. 2) Trval\u00e9 soubory n\u00e1m pom\u00e1haj\u00ed V\u00e1\u0161 po\u010d\u00edta\u010d identifikovat, jestli\u017ee op\u011btovn\u011b nav\u0161t\u00edv\u00edte na\u0161i internetovou str\u00e1nku. Dal\u0161\u00ed v\u00fdhodou trval\u00fdch soubor\u016f je to, \u017ee n\u00e1m umo\u017e\u0148uj\u00ed p\u0159izp\u016fsobit na\u0161e internetov\u00e9 str\u00e1nky Va\u0161im pot\u0159eb\u00e1m. Vyu\u017e\u00edv\u00e1n\u00ed soubor\u016f V souladu s ustanoven\u00edm \u00a7 89 odst. 3 z\u00e1k. \u010d. 127\/2005 Sb., o elektronick\u00fdch komunikac\u00edch, v \u00fa\u010dinn\u00e9m zn\u011bn\u00ed, si V\u00e1s t\u00edmto dovolujeme informovat, \u017ee na\u0161e internetov\u00e9 str\u00e1nky vyu\u017e\u00edvaj\u00ed pro svoji \u010dinnost soubory cookies, tedy Va\u0161e soubory, v\u010detn\u011b trval\u00fdch, zpracov\u00e1v\u00e1me. \u00da\u010del pou\u017eit\u00ed soubor\u016f K personalizaci obsahu a reklam, poskytov\u00e1n\u00ed funkc\u00ed soci\u00e1ln\u00edch m\u00e9di\u00ed a anal\u00fdze na\u0161\u00ed n\u00e1v\u0161t\u011bvnosti vyu\u017e\u00edv\u00e1me soubory cookies. Informace o tom, jak n\u00e1\u0161 web pou\u017e\u00edv\u00e1te, sd\u00edl\u00edme se sv\u00fdmi partnery p\u016fsob\u00edc\u00edmi v oblasti soci\u00e1ln\u00edch m\u00e9di\u00ed, inzerce a anal\u00fdz. Tento souhlas je ud\u011blen na dobu jednoho m\u011bs\u00edce. Internetov\u00e9 prohl\u00ed\u017ee\u010de obvykle obsahuj\u00ed spr\u00e1vu soubor\u016f cookies. V r\u00e1mci nastaven\u00ed Va\u0161eho prohl\u00ed\u017ee\u010de tak pravd\u011bpodobn\u011b m\u016f\u017eete jednotliv\u00e9 soubory ru\u010dn\u011b smazat, blokovat \u010di zcela zak\u00e1zat jejich pou\u017e\u00edv\u00e1n\u00ed. Pro v\u00edce informac\u00ed\u00a0 pou\u017eijte n\u00e1pov\u011bdu Va\u0161eho internetov\u00e9ho prohl\u00ed\u017ee\u010de. Pokud m\u00e1te jak\u00fdkoliv dotaz, tak nev\u00e1hejte a kontaktujte n\u00e1s skrze sekci kontakt.<\/p>\n","protected":false},"author":1,"featured_media":0,"parent":0,"menu_order":0,"comment_status":"closed","ping_status":"closed","template":"templates\/template-full-width.php","meta":{"_monsterinsights_skip_tracking":false,"_monsterinsights_sitenote_active":false,"_monsterinsights_sitenote_note":"","_monsterinsights_sitenote_category":0,"footnotes":""},"yoast_head":"<!-- This site is optimized with the Yoast SEO plugin v22.2 - https:\/\/yoast.com\/wordpress\/plugins\/seo\/ -->\n<title>Sv\u011bt erotiky - zprost\u0159edkov\u00e1n\u00ed pr\u00e1ce v erotice pro ka\u017ed\u00e9ho<\/title>\n<meta name=\"description\" content=\"Pr\u00e1ce v erotice pro mu\u017ee, \u017eeny a p\u00e1ry. Erotick\u00e9 focen\u00ed a nat\u00e1\u010den\u00ed, pr\u00e1ce na live chatu z domu p\u0159es webkameru, scouting. Velmi vysok\u00e9 v\u00fdd\u011blky!\" \/>\n<meta name=\"robots\" content=\"index, follow, max-snippet:-1, max-video-preview:-1, noimageindex\" \/>\n<link rel=\"canonical\" href=\"https:\/\/www.svet-erotiky.eu\/\" \/>\n<meta property=\"og:locale\" content=\"cs_CZ\" \/>\n<meta property=\"og:type\" content=\"article\" \/>\n<meta property=\"og:title\" content=\"Sv\u011bt erotiky - zprost\u0159edkov\u00e1n\u00ed pr\u00e1ce v erotice pro ka\u017ed\u00e9ho\" \/>\n<meta property=\"og:description\" content=\"Pr\u00e1ce v erotice pro mu\u017ee, \u017eeny a p\u00e1ry. Erotick\u00e9 focen\u00ed a nat\u00e1\u010den\u00ed, pr\u00e1ce na live chatu z domu p\u0159es webkameru, scouting. Velmi vysok\u00e9 v\u00fdd\u011blky!\" \/>\n<meta property=\"og:url\" content=\"https:\/\/www.svet-erotiky.eu\/\" \/>\n<meta property=\"og:site_name\" content=\"Sv\u011bt erotiky\" \/>\n<meta property=\"article:modified_time\" content=\"2024-03-06T16:47:30+00:00\" \/>\n<meta property=\"og:image\" content=\"https:\/\/www.svet-erotiky.eu\/wp-content\/uploads\/2018\/03\/cropped-cropped-02-1.jpg\" \/>\n\t<meta property=\"og:image:width\" content=\"512\" \/>\n\t<meta property=\"og:image:height\" content=\"512\" \/>\n\t<meta property=\"og:image:type\" content=\"image\/jpeg\" \/>\n<meta name=\"twitter:card\" content=\"summary_large_image\" \/>\n<script type=\"application\/ld+json\" class=\"yoast-schema-graph\">{\"@context\":\"https:\/\/schema.org\",\"@graph\":[{\"@type\":\"WebPage\",\"@id\":\"https:\/\/www.svet-erotiky.eu\/index.php\/cookies\/\",\"url\":\"https:\/\/www.svet-erotiky.eu\/\",\"name\":\"Sv\u011bt erotiky - zprost\u0159edkov\u00e1n\u00ed pr\u00e1ce v erotice pro ka\u017ed\u00e9ho\",\"isPartOf\":{\"@id\":\"https:\/\/www.svet-erotiky.eu\/#website\"},\"datePublished\":\"2018-03-29T16:04:04+00:00\",\"dateModified\":\"2024-03-06T16:47:30+00:00\",\"description\":\"Pr\u00e1ce v erotice pro mu\u017ee, \u017eeny a p\u00e1ry. Erotick\u00e9 focen\u00ed a nat\u00e1\u010den\u00ed, pr\u00e1ce na live chatu z domu p\u0159es webkameru, scouting. Velmi vysok\u00e9 v\u00fdd\u011blky!\",\"breadcrumb\":{\"@id\":\"https:\/\/www.svet-erotiky.eu\/#breadcrumb\"},\"inLanguage\":\"cs\",\"potentialAction\":[{\"@type\":\"ReadAction\",\"target\":[\"https:\/\/www.svet-erotiky.eu\/\"]}]},{\"@type\":\"BreadcrumbList\",\"@id\":\"https:\/\/www.svet-erotiky.eu\/#breadcrumb\",\"itemListElement\":[{\"@type\":\"ListItem\",\"position\":1,\"name\":\"Dom\u016f\",\"item\":\"https:\/\/www.svet-erotiky.eu\/\"},{\"@type\":\"ListItem\",\"position\":2,\"name\":\"COOKIES\"}]},{\"@type\":\"WebSite\",\"@id\":\"https:\/\/www.svet-erotiky.eu\/#website\",\"url\":\"https:\/\/www.svet-erotiky.eu\/\",\"name\":\"Sv\u011bt erotiky\",\"description\":\"Erotick\u00e1 agentura\",\"publisher\":{\"@id\":\"https:\/\/www.svet-erotiky.eu\/#\/schema\/person\/e4919936b391a206ff5825facf95c8a2\"},\"potentialAction\":[{\"@type\":\"SearchAction\",\"target\":{\"@type\":\"EntryPoint\",\"urlTemplate\":\"https:\/\/www.svet-erotiky.eu\/?s={search_term_string}\"},\"query-input\":\"required name=search_term_string\"}],\"inLanguage\":\"cs\"},{\"@type\":[\"Person\",\"Organization\"],\"@id\":\"https:\/\/www.svet-erotiky.eu\/#\/schema\/person\/e4919936b391a206ff5825facf95c8a2\",\"name\":\"sveterotik\",\"image\":{\"@type\":\"ImageObject\",\"inLanguage\":\"cs\",\"@id\":\"https:\/\/www.svet-erotiky.eu\/#\/schema\/person\/image\/\",\"url\":\"https:\/\/www.svet-erotiky.eu\/wp-content\/uploads\/2018\/03\/cropped-02-1.jpg\",\"contentUrl\":\"https:\/\/www.svet-erotiky.eu\/wp-content\/uploads\/2018\/03\/cropped-02-1.jpg\",\"width\":512,\"height\":512,\"caption\":\"sveterotik\"},\"logo\":{\"@id\":\"https:\/\/www.svet-erotiky.eu\/#\/schema\/person\/image\/\"}}]}<\/script>\n<!-- \/ Yoast SEO plugin. -->","yoast_head_json":{"title":"Sv\u011bt erotiky - zprost\u0159edkov\u00e1n\u00ed pr\u00e1ce v erotice pro ka\u017ed\u00e9ho","description":"Pr\u00e1ce v erotice pro mu\u017ee, \u017eeny a p\u00e1ry. Erotick\u00e9 focen\u00ed a nat\u00e1\u010den\u00ed, pr\u00e1ce na live chatu z domu p\u0159es webkameru, scouting. Velmi vysok\u00e9 v\u00fdd\u011blky!","robots":{"index":"index","follow":"follow","max-snippet":"max-snippet:-1","max-video-preview":"max-video-preview:-1","imageindex":"noimageindex"},"canonical":"https:\/\/www.svet-erotiky.eu\/","og_locale":"cs_CZ","og_type":"article","og_title":"Sv\u011bt erotiky - zprost\u0159edkov\u00e1n\u00ed pr\u00e1ce v erotice pro ka\u017ed\u00e9ho","og_description":"Pr\u00e1ce v erotice pro mu\u017ee, \u017eeny a p\u00e1ry. Erotick\u00e9 focen\u00ed a nat\u00e1\u010den\u00ed, pr\u00e1ce na live chatu z domu p\u0159es webkameru, scouting. Velmi vysok\u00e9 v\u00fdd\u011blky!","og_url":"https:\/\/www.svet-erotiky.eu\/","og_site_name":"Sv\u011bt erotiky","article_modified_time":"2024-03-06T16:47:30+00:00","og_image":[{"width":512,"height":512,"url":"https:\/\/www.svet-erotiky.eu\/wp-content\/uploads\/2018\/03\/cropped-cropped-02-1.jpg","type":"image\/jpeg"}],"twitter_card":"summary_large_image","schema":{"@context":"https:\/\/schema.org","@graph":[{"@type":"WebPage","@id":"https:\/\/www.svet-erotiky.eu\/index.php\/cookies\/","url":"https:\/\/www.svet-erotiky.eu\/","name":"Sv\u011bt erotiky - zprost\u0159edkov\u00e1n\u00ed pr\u00e1ce v erotice pro ka\u017ed\u00e9ho","isPartOf":{"@id":"https:\/\/www.svet-erotiky.eu\/#website"},"datePublished":"2018-03-29T16:04:04+00:00","dateModified":"2024-03-06T16:47:30+00:00","description":"Pr\u00e1ce v erotice pro mu\u017ee, \u017eeny a p\u00e1ry. Erotick\u00e9 focen\u00ed a nat\u00e1\u010den\u00ed, pr\u00e1ce na live chatu z domu p\u0159es webkameru, scouting. Velmi vysok\u00e9 v\u00fdd\u011blky!","breadcrumb":{"@id":"https:\/\/www.svet-erotiky.eu\/#breadcrumb"},"inLanguage":"cs","potentialAction":[{"@type":"ReadAction","target":["https:\/\/www.svet-erotiky.eu\/"]}]},{"@type":"BreadcrumbList","@id":"https:\/\/www.svet-erotiky.eu\/#breadcrumb","itemListElement":[{"@type":"ListItem","position":1,"name":"Dom\u016f","item":"https:\/\/www.svet-erotiky.eu\/"},{"@type":"ListItem","position":2,"name":"COOKIES"}]},{"@type":"WebSite","@id":"https:\/\/www.svet-erotiky.eu\/#website","url":"https:\/\/www.svet-erotiky.eu\/","name":"Sv\u011bt erotiky","description":"Erotick\u00e1 agentura","publisher":{"@id":"https:\/\/www.svet-erotiky.eu\/#\/schema\/person\/e4919936b391a206ff5825facf95c8a2"},"potentialAction":[{"@type":"SearchAction","target":{"@type":"EntryPoint","urlTemplate":"https:\/\/www.svet-erotiky.eu\/?s={search_term_string}"},"query-input":"required name=search_term_string"}],"inLanguage":"cs"},{"@type":["Person","Organization"],"@id":"https:\/\/www.svet-erotiky.eu\/#\/schema\/person\/e4919936b391a206ff5825facf95c8a2","name":"sveterotik","image":{"@type":"ImageObject","inLanguage":"cs","@id":"https:\/\/www.svet-erotiky.eu\/#\/schema\/person\/image\/","url":"https:\/\/www.svet-erotiky.eu\/wp-content\/uploads\/2018\/03\/cropped-02-1.jpg","contentUrl":"https:\/\/www.svet-erotiky.eu\/wp-content\/uploads\/2018\/03\/cropped-02-1.jpg","width":512,"height":512,"caption":"sveterotik"},"logo":{"@id":"https:\/\/www.svet-erotiky.eu\/#\/schema\/person\/image\/"}}]}},"_links":{"self":[{"href":"https:\/\/www.svet-erotiky.eu\/index.php\/wp-json\/wp\/v2\/pages\/291"}],"collection":[{"href":"https:\/\/www.svet-erotiky.eu\/index.php\/wp-json\/wp\/v2\/pages"}],"about":[{"href":"https:\/\/www.svet-erotiky.eu\/index.php\/wp-json\/wp\/v2\/types\/page"}],"author":[{"embeddable":true,"href":"https:\/\/www.svet-erotiky.eu\/index.php\/wp-json\/wp\/v2\/users\/1"}],"replies":[{"embeddable":true,"href":"https:\/\/www.svet-erotiky.eu\/index.php\/wp-json\/wp\/v2\/comments?post=291"}],"version-history":[{"count":10,"href":"https:\/\/www.svet-erotiky.eu\/index.php\/wp-json\/wp\/v2\/pages\/291\/revisions"}],"predecessor-version":[{"id":3346,"href":"https:\/\/www.svet-erotiky.eu\/index.php\/wp-json\/wp\/v2\/pages\/291\/revisions\/3346"}],"wp:attachment":[{"href":"https:\/\/www.svet-erotiky.eu\/index.php\/wp-json\/wp\/v2\/media?parent=291"}],"curies":[{"name":"wp","href":"https:\/\/api.w.org\/{rel}","templated":true}]}}