{"id":304,"date":"2018-03-31T19:30:44","date_gmt":"2018-03-31T19:30:44","guid":{"rendered":"http:\/\/www.svet-erotiky.eu\/?page_id=304"},"modified":"2024-02-08T20:43:40","modified_gmt":"2024-02-08T20:43:40","slug":"gdpr","status":"publish","type":"page","link":"https:\/\/www.svet-erotiky.eu\/index.php\/gdpr\/","title":{"rendered":"GDPR &#8211; Vy\u017e\u00e1d\u00e1n\u00ed \u00fadaj\u016f"},"content":{"rendered":"<p>V souvislosti s na\u0159\u00edzen\u00edm o ochran\u011b osobn\u00edch \u00fadaj\u016f m\u00e1te pr\u00e1vo na vy\u017e\u00e1d\u00e1n\u00ed, \u00fapravu \u010di smaz\u00e1n\u00ed V\u00e1mi vlo\u017een\u00fdch osobn\u00edch \u00fadaj\u016f. Sta\u010d\u00ed zvolit, jak si p\u0159ejete s osobn\u00edmi \u00fadaji nalo\u017eit a vypl\u0148te e-mailovou adresu, kterou jste uvedli v registraci. Pot\u00e9 V\u00e1s v co nejkrat\u0161\u00ed mo\u017en\u00e9 dob\u011b kontaktujeme. M\u011bjte pros\u00edm na pam\u011bti, \u017ee Va\u0161e osobn\u00ed \u00fadaje kter\u00e9 jste v minulosti vlo\u017eili, slou\u017e\u00ed pouze pro \u00fa\u010dely agentury ke zprost\u0159edkov\u00e1n\u00ed pr\u00e1ce.<\/p>\n\n<div class=\"wpcf7 no-js\" id=\"wpcf7-f319-o1\" lang=\"cs-CZ\" dir=\"ltr\">\n<div class=\"screen-reader-response\"><p role=\"status\" aria-live=\"polite\" aria-atomic=\"true\"><\/p> <ul><\/ul><\/div>\n<form action=\"\/index.php\/wp-json\/wp\/v2\/pages\/304#wpcf7-f319-o1\" method=\"post\" class=\"wpcf7-form init\" aria-label=\"Kontaktn\u00ed formul\u00e1\u0159\" novalidate=\"novalidate\" data-status=\"init\">\n<div style=\"display: none;\">\n<input type=\"hidden\" name=\"_wpcf7\" value=\"319\" \/>\n<input type=\"hidden\" name=\"_wpcf7_version\" value=\"5.8.7\" \/>\n<input type=\"hidden\" name=\"_wpcf7_locale\" value=\"cs_CZ\" \/>\n<input type=\"hidden\" name=\"_wpcf7_unit_tag\" value=\"wpcf7-f319-o1\" \/>\n<input type=\"hidden\" name=\"_wpcf7_container_post\" value=\"0\" \/>\n<input type=\"hidden\" name=\"_wpcf7_posted_data_hash\" value=\"\" \/>\n<\/div>\n<p>Vyberte pros\u00edm, co si p\u0159ejete s osobn\u00edmi \u00fadaji prov\u00e9st:\n<\/p>\n<p><span class=\"wpcf7-form-control-wrap\" data-name=\"radio-524\"><span class=\"wpcf7-form-control wpcf7-radio\"><span class=\"wpcf7-list-item first\"><label><span class=\"wpcf7-list-item-label\">Chci zaslat osobn\u00ed \u00fadaje<\/span><input type=\"radio\" name=\"radio-524\" value=\"Chci zaslat osobn\u00ed \u00fadaje\" checked=\"checked\" \/><\/label><\/span><span class=\"wpcf7-list-item\"><label><span class=\"wpcf7-list-item-label\">Chci upravit osobn\u00ed \u00fadaje<\/span><input type=\"radio\" name=\"radio-524\" value=\"Chci upravit osobn\u00ed \u00fadaje\" \/><\/label><\/span><span class=\"wpcf7-list-item last\"><label><span class=\"wpcf7-list-item-label\">Chci smazat osobn\u00ed \u00fadaje<\/span><input type=\"radio\" name=\"radio-524\" value=\"Chci smazat osobn\u00ed \u00fadaje\" \/><\/label><\/span><\/span><\/span>\n<\/p>\n<p>E-mail:<br \/>\n<span class=\"wpcf7-form-control-wrap\" data-name=\"email-311\"><input size=\"40\" class=\"wpcf7-form-control wpcf7-email wpcf7-validates-as-required wpcf7-text wpcf7-validates-as-email\" aria-required=\"true\" aria-invalid=\"false\" value=\"\" type=\"email\" name=\"email-311\" \/><\/span>\n<\/p>\n<p><span class=\"wpcf7-form-control-wrap\" data-name=\"acceptance-155\"><span class=\"wpcf7-form-control wpcf7-acceptance\"><span class=\"wpcf7-list-item\"><label><input type=\"checkbox\" name=\"acceptance-155\" value=\"1\" aria-invalid=\"false\" \/><span class=\"wpcf7-list-item-label\">Potvrzuji, \u017ee vlo\u017een\u00fd e-mail je stejn\u00fd jako p\u0159i registraci.<\/span><\/label><\/span><\/span><\/span>\n<\/p>\n<p><input class=\"wpcf7-form-control wpcf7-submit has-spinner\" type=\"submit\" value=\"Odeslat\" \/>\n<\/p><div class=\"wpcf7-response-output\" aria-hidden=\"true\"><\/div>\n<\/form>\n<\/div>\n\n","protected":false},"excerpt":{"rendered":"<p>V souvislosti s na\u0159\u00edzen\u00edm o ochran\u011b osobn\u00edch \u00fadaj\u016f m\u00e1te pr\u00e1vo na vy\u017e\u00e1d\u00e1n\u00ed, \u00fapravu \u010di smaz\u00e1n\u00ed V\u00e1mi vlo\u017een\u00fdch osobn\u00edch \u00fadaj\u016f. Sta\u010d\u00ed zvolit, jak si p\u0159ejete s osobn\u00edmi \u00fadaji nalo\u017eit a vypl\u0148te e-mailovou adresu, kterou jste uvedli v registraci. Pot\u00e9 V\u00e1s v co nejkrat\u0161\u00ed mo\u017en\u00e9 dob\u011b kontaktujeme. M\u011bjte pros\u00edm na pam\u011bti, \u017ee Va\u0161e osobn\u00ed \u00fadaje kter\u00e9 jste v minulosti vlo\u017eili, slou\u017e\u00ed pouze pro \u00fa\u010dely agentury ke zprost\u0159edkov\u00e1n\u00ed pr\u00e1ce.<\/p>\n","protected":false},"author":1,"featured_media":0,"parent":0,"menu_order":0,"comment_status":"closed","ping_status":"closed","template":"templates\/template-full-width.php","meta":{"_monsterinsights_skip_tracking":false,"_monsterinsights_sitenote_active":false,"_monsterinsights_sitenote_note":"","_monsterinsights_sitenote_category":0,"footnotes":""},"yoast_head":"<!-- This site is optimized with the Yoast SEO plugin v22.2 - https:\/\/yoast.com\/wordpress\/plugins\/seo\/ -->\n<title>Sv\u011bt erotiky - zprost\u0159edkov\u00e1n\u00ed pr\u00e1ce v erotice pro ka\u017ed\u00e9ho<\/title>\n<meta name=\"description\" content=\"Pr\u00e1ce v erotice pro mu\u017ee, \u017eeny a p\u00e1ry. Erotick\u00e9 focen\u00ed a nat\u00e1\u010den\u00ed, pr\u00e1ce na live chatu z domu p\u0159es webkameru, scouting. Velmi vysok\u00e9 v\u00fdd\u011blky!\" \/>\n<meta name=\"robots\" content=\"noindex, follow\" \/>\n<meta property=\"og:locale\" content=\"cs_CZ\" \/>\n<meta property=\"og:type\" content=\"article\" \/>\n<meta property=\"og:title\" content=\"Sv\u011bt erotiky - zprost\u0159edkov\u00e1n\u00ed pr\u00e1ce v erotice pro ka\u017ed\u00e9ho\" \/>\n<meta property=\"og:description\" content=\"Pr\u00e1ce v erotice pro mu\u017ee, \u017eeny a p\u00e1ry. Erotick\u00e9 focen\u00ed a nat\u00e1\u010den\u00ed, pr\u00e1ce na live chatu z domu p\u0159es webkameru, scouting. Velmi vysok\u00e9 v\u00fdd\u011blky!\" \/>\n<meta property=\"og:url\" content=\"https:\/\/www.svet-erotiky.eu\/\" \/>\n<meta property=\"og:site_name\" content=\"Sv\u011bt erotiky\" \/>\n<meta property=\"article:modified_time\" content=\"2024-02-08T20:43:40+00:00\" \/>\n<meta property=\"og:image\" content=\"https:\/\/www.svet-erotiky.eu\/wp-content\/uploads\/2018\/03\/cropped-cropped-02-1.jpg\" \/>\n\t<meta property=\"og:image:width\" content=\"512\" \/>\n\t<meta property=\"og:image:height\" content=\"512\" \/>\n\t<meta property=\"og:image:type\" content=\"image\/jpeg\" \/>\n<meta name=\"twitter:card\" content=\"summary_large_image\" \/>\n<script type=\"application\/ld+json\" class=\"yoast-schema-graph\">{\"@context\":\"https:\/\/schema.org\",\"@graph\":[{\"@type\":\"WebPage\",\"@id\":\"https:\/\/www.svet-erotiky.eu\/index.php\/gdpr\/\",\"url\":\"https:\/\/www.svet-erotiky.eu\/\",\"name\":\"Sv\u011bt erotiky - zprost\u0159edkov\u00e1n\u00ed pr\u00e1ce v erotice pro ka\u017ed\u00e9ho\",\"isPartOf\":{\"@id\":\"https:\/\/www.svet-erotiky.eu\/#website\"},\"datePublished\":\"2018-03-31T19:30:44+00:00\",\"dateModified\":\"2024-02-08T20:43:40+00:00\",\"description\":\"Pr\u00e1ce v erotice pro mu\u017ee, \u017eeny a p\u00e1ry. Erotick\u00e9 focen\u00ed a nat\u00e1\u010den\u00ed, pr\u00e1ce na live chatu z domu p\u0159es webkameru, scouting. Velmi vysok\u00e9 v\u00fdd\u011blky!\",\"breadcrumb\":{\"@id\":\"https:\/\/www.svet-erotiky.eu\/#breadcrumb\"},\"inLanguage\":\"cs\",\"potentialAction\":[{\"@type\":\"ReadAction\",\"target\":[\"https:\/\/www.svet-erotiky.eu\/\"]}]},{\"@type\":\"BreadcrumbList\",\"@id\":\"https:\/\/www.svet-erotiky.eu\/#breadcrumb\",\"itemListElement\":[{\"@type\":\"ListItem\",\"position\":1,\"name\":\"Dom\u016f\",\"item\":\"https:\/\/www.svet-erotiky.eu\/\"},{\"@type\":\"ListItem\",\"position\":2,\"name\":\"GDPR &#8211; Vy\u017e\u00e1d\u00e1n\u00ed \u00fadaj\u016f\"}]},{\"@type\":\"WebSite\",\"@id\":\"https:\/\/www.svet-erotiky.eu\/#website\",\"url\":\"https:\/\/www.svet-erotiky.eu\/\",\"name\":\"Sv\u011bt erotiky\",\"description\":\"Erotick\u00e1 agentura\",\"publisher\":{\"@id\":\"https:\/\/www.svet-erotiky.eu\/#\/schema\/person\/e4919936b391a206ff5825facf95c8a2\"},\"potentialAction\":[{\"@type\":\"SearchAction\",\"target\":{\"@type\":\"EntryPoint\",\"urlTemplate\":\"https:\/\/www.svet-erotiky.eu\/?s={search_term_string}\"},\"query-input\":\"required name=search_term_string\"}],\"inLanguage\":\"cs\"},{\"@type\":[\"Person\",\"Organization\"],\"@id\":\"https:\/\/www.svet-erotiky.eu\/#\/schema\/person\/e4919936b391a206ff5825facf95c8a2\",\"name\":\"sveterotik\",\"image\":{\"@type\":\"ImageObject\",\"inLanguage\":\"cs\",\"@id\":\"https:\/\/www.svet-erotiky.eu\/#\/schema\/person\/image\/\",\"url\":\"https:\/\/www.svet-erotiky.eu\/wp-content\/uploads\/2018\/03\/cropped-02-1.jpg\",\"contentUrl\":\"https:\/\/www.svet-erotiky.eu\/wp-content\/uploads\/2018\/03\/cropped-02-1.jpg\",\"width\":512,\"height\":512,\"caption\":\"sveterotik\"},\"logo\":{\"@id\":\"https:\/\/www.svet-erotiky.eu\/#\/schema\/person\/image\/\"}}]}<\/script>\n<!-- \/ Yoast SEO plugin. -->","yoast_head_json":{"title":"Sv\u011bt erotiky - zprost\u0159edkov\u00e1n\u00ed pr\u00e1ce v erotice pro ka\u017ed\u00e9ho","description":"Pr\u00e1ce v erotice pro mu\u017ee, \u017eeny a p\u00e1ry. Erotick\u00e9 focen\u00ed a nat\u00e1\u010den\u00ed, pr\u00e1ce na live chatu z domu p\u0159es webkameru, scouting. Velmi vysok\u00e9 v\u00fdd\u011blky!","robots":{"index":"noindex","follow":"follow"},"og_locale":"cs_CZ","og_type":"article","og_title":"Sv\u011bt erotiky - zprost\u0159edkov\u00e1n\u00ed pr\u00e1ce v erotice pro ka\u017ed\u00e9ho","og_description":"Pr\u00e1ce v erotice pro mu\u017ee, \u017eeny a p\u00e1ry. Erotick\u00e9 focen\u00ed a nat\u00e1\u010den\u00ed, pr\u00e1ce na live chatu z domu p\u0159es webkameru, scouting. Velmi vysok\u00e9 v\u00fdd\u011blky!","og_url":"https:\/\/www.svet-erotiky.eu\/","og_site_name":"Sv\u011bt erotiky","article_modified_time":"2024-02-08T20:43:40+00:00","og_image":[{"width":512,"height":512,"url":"https:\/\/www.svet-erotiky.eu\/wp-content\/uploads\/2018\/03\/cropped-cropped-02-1.jpg","type":"image\/jpeg"}],"twitter_card":"summary_large_image","schema":{"@context":"https:\/\/schema.org","@graph":[{"@type":"WebPage","@id":"https:\/\/www.svet-erotiky.eu\/index.php\/gdpr\/","url":"https:\/\/www.svet-erotiky.eu\/","name":"Sv\u011bt erotiky - zprost\u0159edkov\u00e1n\u00ed pr\u00e1ce v erotice pro ka\u017ed\u00e9ho","isPartOf":{"@id":"https:\/\/www.svet-erotiky.eu\/#website"},"datePublished":"2018-03-31T19:30:44+00:00","dateModified":"2024-02-08T20:43:40+00:00","description":"Pr\u00e1ce v erotice pro mu\u017ee, \u017eeny a p\u00e1ry. Erotick\u00e9 focen\u00ed a nat\u00e1\u010den\u00ed, pr\u00e1ce na live chatu z domu p\u0159es webkameru, scouting. Velmi vysok\u00e9 v\u00fdd\u011blky!","breadcrumb":{"@id":"https:\/\/www.svet-erotiky.eu\/#breadcrumb"},"inLanguage":"cs","potentialAction":[{"@type":"ReadAction","target":["https:\/\/www.svet-erotiky.eu\/"]}]},{"@type":"BreadcrumbList","@id":"https:\/\/www.svet-erotiky.eu\/#breadcrumb","itemListElement":[{"@type":"ListItem","position":1,"name":"Dom\u016f","item":"https:\/\/www.svet-erotiky.eu\/"},{"@type":"ListItem","position":2,"name":"GDPR &#8211; Vy\u017e\u00e1d\u00e1n\u00ed \u00fadaj\u016f"}]},{"@type":"WebSite","@id":"https:\/\/www.svet-erotiky.eu\/#website","url":"https:\/\/www.svet-erotiky.eu\/","name":"Sv\u011bt erotiky","description":"Erotick\u00e1 agentura","publisher":{"@id":"https:\/\/www.svet-erotiky.eu\/#\/schema\/person\/e4919936b391a206ff5825facf95c8a2"},"potentialAction":[{"@type":"SearchAction","target":{"@type":"EntryPoint","urlTemplate":"https:\/\/www.svet-erotiky.eu\/?s={search_term_string}"},"query-input":"required name=search_term_string"}],"inLanguage":"cs"},{"@type":["Person","Organization"],"@id":"https:\/\/www.svet-erotiky.eu\/#\/schema\/person\/e4919936b391a206ff5825facf95c8a2","name":"sveterotik","image":{"@type":"ImageObject","inLanguage":"cs","@id":"https:\/\/www.svet-erotiky.eu\/#\/schema\/person\/image\/","url":"https:\/\/www.svet-erotiky.eu\/wp-content\/uploads\/2018\/03\/cropped-02-1.jpg","contentUrl":"https:\/\/www.svet-erotiky.eu\/wp-content\/uploads\/2018\/03\/cropped-02-1.jpg","width":512,"height":512,"caption":"sveterotik"},"logo":{"@id":"https:\/\/www.svet-erotiky.eu\/#\/schema\/person\/image\/"}}]}},"_links":{"self":[{"href":"https:\/\/www.svet-erotiky.eu\/index.php\/wp-json\/wp\/v2\/pages\/304"}],"collection":[{"href":"https:\/\/www.svet-erotiky.eu\/index.php\/wp-json\/wp\/v2\/pages"}],"about":[{"href":"https:\/\/www.svet-erotiky.eu\/index.php\/wp-json\/wp\/v2\/types\/page"}],"author":[{"embeddable":true,"href":"https:\/\/www.svet-erotiky.eu\/index.php\/wp-json\/wp\/v2\/users\/1"}],"replies":[{"embeddable":true,"href":"https:\/\/www.svet-erotiky.eu\/index.php\/wp-json\/wp\/v2\/comments?post=304"}],"version-history":[{"count":19,"href":"https:\/\/www.svet-erotiky.eu\/index.php\/wp-json\/wp\/v2\/pages\/304\/revisions"}],"predecessor-version":[{"id":447,"href":"https:\/\/www.svet-erotiky.eu\/index.php\/wp-json\/wp\/v2\/pages\/304\/revisions\/447"}],"wp:attachment":[{"href":"https:\/\/www.svet-erotiky.eu\/index.php\/wp-json\/wp\/v2\/media?parent=304"}],"curies":[{"name":"wp","href":"https:\/\/api.w.org\/{rel}","templated":true}]}}