{"id":37,"date":"2018-01-20T13:55:10","date_gmt":"2018-01-20T13:55:10","guid":{"rendered":"http:\/\/www.svet-erotiky.eu\/?page_id=37"},"modified":"2025-02-09T22:40:14","modified_gmt":"2025-02-09T22:40:14","slug":"1-2","status":"publish","type":"page","link":"https:\/\/www.svet-erotiky.eu\/","title":{"rendered":"O AGENTU\u0158E"},"content":{"rendered":"<p>Agentura se zab\u00fdv\u00e1 zprost\u0159edkov\u00e1n\u00edm pr\u00e1ce v erotice. Zprost\u0159edkov\u00e1v\u00e1me pr\u00e1ci v odv\u011btv\u00edch jako je focen\u00ed\/nat\u00e1\u010den\u00ed erotick\u00fdch sc\u00e9n a scouting. R\u00e1di pom\u016f\u017eeme zprost\u0159edkovat pr\u00e1ci ka\u017ed\u00e9mu, kdo m\u00e1 v\u00e1\u017en\u00fd z\u00e1jem si v erotick\u00e9m byznysu vyd\u011blat nadstandartn\u00ed pen\u00edze. Jsou u n\u00e1s v\u00edt\u00e1ni mu\u017ei, \u017eeny \u010di p\u00e1ry ve v\u011bkov\u00e9m rozmez\u00ed <strong>18-30 let<\/strong> se <strong>\u0161t\u00edhlou<\/strong> nebo <strong>sportovn\u00ed<\/strong> postavou. V erotice se pohybujeme ji\u017e n\u011bkolik let a v\u0161e d\u011bl\u00e1me profesion\u00e1ln\u011b, bezpe\u010dn\u011b a leg\u00e1ln\u011b. Pro zasl\u00e1n\u00ed nab\u00eddek je pot\u0159ebn\u00e9 vyplnit nez\u00e1vaznou <span style=\"color: #ff0000;\"><a style=\"color: #ff0000;\" href=\"http:\/\/www.svet-erotiky.eu\/index.php\/5-2\/\">registraci<\/a><\/span>.<br \/>\nT\u011b\u0161\u00edme se na spolupr\u00e1ci!<\/p>\n","protected":false},"excerpt":{"rendered":"<p>Agentura se zab\u00fdv\u00e1 zprost\u0159edkov\u00e1n\u00edm pr\u00e1ce v erotice. Zprost\u0159edkov\u00e1v\u00e1me pr\u00e1ci v odv\u011btv\u00edch jako je focen\u00ed\/nat\u00e1\u010den\u00ed erotick\u00fdch sc\u00e9n a scouting. R\u00e1di pom\u016f\u017eeme zprost\u0159edkovat pr\u00e1ci ka\u017ed\u00e9mu, kdo m\u00e1 v\u00e1\u017en\u00fd z\u00e1jem si v erotick\u00e9m byznysu vyd\u011blat nadstandartn\u00ed pen\u00edze. Jsou u n\u00e1s v\u00edt\u00e1ni mu\u017ei, \u017eeny \u010di p\u00e1ry ve v\u011bkov\u00e9m rozmez\u00ed 18-30 let se \u0161t\u00edhlou nebo sportovn\u00ed postavou. V erotice se pohybujeme ji\u017e n\u011bkolik let a v\u0161e d\u011bl\u00e1me profesion\u00e1ln\u011b, bezpe\u010dn\u011b a leg\u00e1ln\u011b. Pro zasl\u00e1n\u00ed nab\u00eddek je pot\u0159ebn\u00e9 vyplnit nez\u00e1vaznou registraci. T\u011b\u0161\u00edme se na spolupr\u00e1ci!<\/p>\n","protected":false},"author":1,"featured_media":0,"parent":0,"menu_order":0,"comment_status":"closed","ping_status":"closed","template":"templates\/template-full-width.php","meta":{"_monsterinsights_skip_tracking":false,"_monsterinsights_sitenote_active":false,"_monsterinsights_sitenote_note":"","_monsterinsights_sitenote_category":0,"footnotes":""},"yoast_head":"<!-- This site is optimized with the Yoast SEO plugin v22.2 - https:\/\/yoast.com\/wordpress\/plugins\/seo\/ -->\n<title>Sv\u011bt erotiky - zprost\u0159edkov\u00e1n\u00ed pr\u00e1ce v erotice pro ka\u017ed\u00e9ho<\/title>\n<meta name=\"description\" content=\"Pr\u00e1ce v erotice pro mu\u017ee, \u017eeny a p\u00e1ry. Erotick\u00e9 focen\u00ed a nat\u00e1\u010den\u00ed, pr\u00e1ce na live chatu z domu p\u0159es webkameru, scouting. Velmi vysok\u00e9 v\u00fdd\u011blky!\" \/>\n<meta name=\"robots\" content=\"index, follow, max-snippet:-1, max-video-preview:-1, noimageindex\" \/>\n<link rel=\"canonical\" href=\"https:\/\/www.svet-erotiky.eu\/\" \/>\n<meta property=\"og:locale\" content=\"cs_CZ\" \/>\n<meta property=\"og:type\" content=\"article\" \/>\n<meta property=\"og:title\" content=\"Sv\u011bt erotiky - zprost\u0159edkov\u00e1n\u00ed pr\u00e1ce v erotice pro ka\u017ed\u00e9ho\" \/>\n<meta property=\"og:description\" content=\"Pr\u00e1ce v erotice pro mu\u017ee, \u017eeny a p\u00e1ry. Erotick\u00e9 focen\u00ed a nat\u00e1\u010den\u00ed, pr\u00e1ce na live chatu z domu p\u0159es webkameru, scouting. Velmi vysok\u00e9 v\u00fdd\u011blky!\" \/>\n<meta property=\"og:url\" content=\"https:\/\/www.svet-erotiky.eu\/\" \/>\n<meta property=\"og:site_name\" content=\"Sv\u011bt erotiky\" \/>\n<meta property=\"article:modified_time\" content=\"2025-02-09T22:40:14+00:00\" \/>\n<meta property=\"og:image\" content=\"https:\/\/www.svet-erotiky.eu\/wp-content\/uploads\/2018\/03\/cropped-cropped-02-1.jpg\" \/>\n\t<meta property=\"og:image:width\" content=\"512\" \/>\n\t<meta property=\"og:image:height\" content=\"512\" \/>\n\t<meta property=\"og:image:type\" content=\"image\/jpeg\" \/>\n<meta name=\"twitter:card\" content=\"summary_large_image\" \/>\n<script type=\"application\/ld+json\" class=\"yoast-schema-graph\">{\"@context\":\"https:\/\/schema.org\",\"@graph\":[{\"@type\":\"WebPage\",\"@id\":\"https:\/\/www.svet-erotiky.eu\/\",\"url\":\"https:\/\/www.svet-erotiky.eu\/\",\"name\":\"Sv\u011bt erotiky - zprost\u0159edkov\u00e1n\u00ed pr\u00e1ce v erotice pro ka\u017ed\u00e9ho\",\"isPartOf\":{\"@id\":\"https:\/\/www.svet-erotiky.eu\/#website\"},\"datePublished\":\"2018-01-20T13:55:10+00:00\",\"dateModified\":\"2025-02-09T22:40:14+00:00\",\"description\":\"Pr\u00e1ce v erotice pro mu\u017ee, \u017eeny a p\u00e1ry. Erotick\u00e9 focen\u00ed a nat\u00e1\u010den\u00ed, pr\u00e1ce na live chatu z domu p\u0159es webkameru, scouting. Velmi vysok\u00e9 v\u00fdd\u011blky!\",\"breadcrumb\":{\"@id\":\"https:\/\/www.svet-erotiky.eu\/#breadcrumb\"},\"inLanguage\":\"cs\",\"potentialAction\":[{\"@type\":\"ReadAction\",\"target\":[\"https:\/\/www.svet-erotiky.eu\/\"]}]},{\"@type\":\"BreadcrumbList\",\"@id\":\"https:\/\/www.svet-erotiky.eu\/#breadcrumb\",\"itemListElement\":[{\"@type\":\"ListItem\",\"position\":1,\"name\":\"Dom\u016f\",\"item\":\"https:\/\/www.svet-erotiky.eu\/\"},{\"@type\":\"ListItem\",\"position\":2,\"name\":\"O AGENTU\u0158E\"}]},{\"@type\":\"WebSite\",\"@id\":\"https:\/\/www.svet-erotiky.eu\/#website\",\"url\":\"https:\/\/www.svet-erotiky.eu\/\",\"name\":\"Sv\u011bt erotiky\",\"description\":\"Erotick\u00e1 agentura\",\"publisher\":{\"@id\":\"https:\/\/www.svet-erotiky.eu\/#\/schema\/person\/e4919936b391a206ff5825facf95c8a2\"},\"potentialAction\":[{\"@type\":\"SearchAction\",\"target\":{\"@type\":\"EntryPoint\",\"urlTemplate\":\"https:\/\/www.svet-erotiky.eu\/?s={search_term_string}\"},\"query-input\":\"required name=search_term_string\"}],\"inLanguage\":\"cs\"},{\"@type\":[\"Person\",\"Organization\"],\"@id\":\"https:\/\/www.svet-erotiky.eu\/#\/schema\/person\/e4919936b391a206ff5825facf95c8a2\",\"name\":\"sveterotik\",\"image\":{\"@type\":\"ImageObject\",\"inLanguage\":\"cs\",\"@id\":\"https:\/\/www.svet-erotiky.eu\/#\/schema\/person\/image\/\",\"url\":\"https:\/\/www.svet-erotiky.eu\/wp-content\/uploads\/2018\/03\/cropped-02-1.jpg\",\"contentUrl\":\"https:\/\/www.svet-erotiky.eu\/wp-content\/uploads\/2018\/03\/cropped-02-1.jpg\",\"width\":512,\"height\":512,\"caption\":\"sveterotik\"},\"logo\":{\"@id\":\"https:\/\/www.svet-erotiky.eu\/#\/schema\/person\/image\/\"}}]}<\/script>\n<!-- \/ Yoast SEO plugin. -->","yoast_head_json":{"title":"Sv\u011bt erotiky - zprost\u0159edkov\u00e1n\u00ed pr\u00e1ce v erotice pro ka\u017ed\u00e9ho","description":"Pr\u00e1ce v erotice pro mu\u017ee, \u017eeny a p\u00e1ry. Erotick\u00e9 focen\u00ed a nat\u00e1\u010den\u00ed, pr\u00e1ce na live chatu z domu p\u0159es webkameru, scouting. Velmi vysok\u00e9 v\u00fdd\u011blky!","robots":{"index":"index","follow":"follow","max-snippet":"max-snippet:-1","max-video-preview":"max-video-preview:-1","imageindex":"noimageindex"},"canonical":"https:\/\/www.svet-erotiky.eu\/","og_locale":"cs_CZ","og_type":"article","og_title":"Sv\u011bt erotiky - zprost\u0159edkov\u00e1n\u00ed pr\u00e1ce v erotice pro ka\u017ed\u00e9ho","og_description":"Pr\u00e1ce v erotice pro mu\u017ee, \u017eeny a p\u00e1ry. Erotick\u00e9 focen\u00ed a nat\u00e1\u010den\u00ed, pr\u00e1ce na live chatu z domu p\u0159es webkameru, scouting. Velmi vysok\u00e9 v\u00fdd\u011blky!","og_url":"https:\/\/www.svet-erotiky.eu\/","og_site_name":"Sv\u011bt erotiky","article_modified_time":"2025-02-09T22:40:14+00:00","og_image":[{"width":512,"height":512,"url":"https:\/\/www.svet-erotiky.eu\/wp-content\/uploads\/2018\/03\/cropped-cropped-02-1.jpg","type":"image\/jpeg"}],"twitter_card":"summary_large_image","schema":{"@context":"https:\/\/schema.org","@graph":[{"@type":"WebPage","@id":"https:\/\/www.svet-erotiky.eu\/","url":"https:\/\/www.svet-erotiky.eu\/","name":"Sv\u011bt erotiky - zprost\u0159edkov\u00e1n\u00ed pr\u00e1ce v erotice pro ka\u017ed\u00e9ho","isPartOf":{"@id":"https:\/\/www.svet-erotiky.eu\/#website"},"datePublished":"2018-01-20T13:55:10+00:00","dateModified":"2025-02-09T22:40:14+00:00","description":"Pr\u00e1ce v erotice pro mu\u017ee, \u017eeny a p\u00e1ry. Erotick\u00e9 focen\u00ed a nat\u00e1\u010den\u00ed, pr\u00e1ce na live chatu z domu p\u0159es webkameru, scouting. Velmi vysok\u00e9 v\u00fdd\u011blky!","breadcrumb":{"@id":"https:\/\/www.svet-erotiky.eu\/#breadcrumb"},"inLanguage":"cs","potentialAction":[{"@type":"ReadAction","target":["https:\/\/www.svet-erotiky.eu\/"]}]},{"@type":"BreadcrumbList","@id":"https:\/\/www.svet-erotiky.eu\/#breadcrumb","itemListElement":[{"@type":"ListItem","position":1,"name":"Dom\u016f","item":"https:\/\/www.svet-erotiky.eu\/"},{"@type":"ListItem","position":2,"name":"O AGENTU\u0158E"}]},{"@type":"WebSite","@id":"https:\/\/www.svet-erotiky.eu\/#website","url":"https:\/\/www.svet-erotiky.eu\/","name":"Sv\u011bt erotiky","description":"Erotick\u00e1 agentura","publisher":{"@id":"https:\/\/www.svet-erotiky.eu\/#\/schema\/person\/e4919936b391a206ff5825facf95c8a2"},"potentialAction":[{"@type":"SearchAction","target":{"@type":"EntryPoint","urlTemplate":"https:\/\/www.svet-erotiky.eu\/?s={search_term_string}"},"query-input":"required name=search_term_string"}],"inLanguage":"cs"},{"@type":["Person","Organization"],"@id":"https:\/\/www.svet-erotiky.eu\/#\/schema\/person\/e4919936b391a206ff5825facf95c8a2","name":"sveterotik","image":{"@type":"ImageObject","inLanguage":"cs","@id":"https:\/\/www.svet-erotiky.eu\/#\/schema\/person\/image\/","url":"https:\/\/www.svet-erotiky.eu\/wp-content\/uploads\/2018\/03\/cropped-02-1.jpg","contentUrl":"https:\/\/www.svet-erotiky.eu\/wp-content\/uploads\/2018\/03\/cropped-02-1.jpg","width":512,"height":512,"caption":"sveterotik"},"logo":{"@id":"https:\/\/www.svet-erotiky.eu\/#\/schema\/person\/image\/"}}]}},"_links":{"self":[{"href":"https:\/\/www.svet-erotiky.eu\/index.php\/wp-json\/wp\/v2\/pages\/37"}],"collection":[{"href":"https:\/\/www.svet-erotiky.eu\/index.php\/wp-json\/wp\/v2\/pages"}],"about":[{"href":"https:\/\/www.svet-erotiky.eu\/index.php\/wp-json\/wp\/v2\/types\/page"}],"author":[{"embeddable":true,"href":"https:\/\/www.svet-erotiky.eu\/index.php\/wp-json\/wp\/v2\/users\/1"}],"replies":[{"embeddable":true,"href":"https:\/\/www.svet-erotiky.eu\/index.php\/wp-json\/wp\/v2\/comments?post=37"}],"version-history":[{"count":45,"href":"https:\/\/www.svet-erotiky.eu\/index.php\/wp-json\/wp\/v2\/pages\/37\/revisions"}],"predecessor-version":[{"id":3679,"href":"https:\/\/www.svet-erotiky.eu\/index.php\/wp-json\/wp\/v2\/pages\/37\/revisions\/3679"}],"wp:attachment":[{"href":"https:\/\/www.svet-erotiky.eu\/index.php\/wp-json\/wp\/v2\/media?parent=37"}],"curies":[{"name":"wp","href":"https:\/\/api.w.org\/{rel}","templated":true}]}}