{"id":38,"date":"2018-01-20T13:55:10","date_gmt":"2018-01-20T13:55:10","guid":{"rendered":"http:\/\/www.svet-erotiky.eu\/?page_id=38"},"modified":"2024-02-11T13:26:14","modified_gmt":"2024-02-11T13:26:14","slug":"2-2","status":"publish","type":"page","link":"https:\/\/www.svet-erotiky.eu\/index.php\/2-2\/","title":{"rendered":"FOTO\/VIDEO"},"content":{"rendered":"<p>Focen\u00ed a nat\u00e1\u010den\u00ed erotick\u00fdch sc\u00e9n st\u00e1le pat\u0159\u00ed k tomu nej\u017e\u00e1dan\u011bj\u0161\u00edmu. Pouze vy sami si vyb\u00edr\u00e1te, jak budete pracovat. Na\u0161e agentura zprost\u0159edkov\u00e1v\u00e1 pr\u00e1ci ve focen\u00ed a nat\u00e1\u010den\u00ed p\u0159ev\u00e1\u017en\u011b &#8211; s\u00f3lo, hetero, gay a lesbo t\u00e9matiky. V\u0161e z\u00e1le\u017e\u00ed pouze na V\u00e1s, pracujeme diskr\u00e9tn\u011b a na \u00farovni. Ka\u017ed\u00fd jedinec (vyjma s\u00f3lo pr\u00e1ce) je p\u0159edem otestov\u00e1n na v\u0161echny pohlavn\u00ed choroby, tak\u017ee se o sv\u00e9 zdrav\u00ed b\u00e1t nemus\u00edte. V\u00fd\u0161e v\u00fdd\u011blku a \u010detnost zak\u00e1zek v\u017edy z\u00e1vis\u00ed na typu zak\u00e1zky a na kvalit\u00e1ch jedince. Je mo\u017enost si vyd\u011blat od des\u00edtek a\u017e po stovky tis\u00edc korun m\u011bs\u00ed\u010dn\u011b. Ti nejlep\u0161\u00ed mohou dostat i exklusivn\u00ed smlouvu. Pokud m\u00e1te z\u00e1jem o tento druh erotick\u00e9ho byznysu, tak nev\u00e1hejte vyplnit nez\u00e1vaznou <span style=\"color: #ff0000;\"><a style=\"color: #ff0000;\" href=\"http:\/\/www.svet-erotiky.eu\/index.php\/5-2\/\">registraci<\/a><\/span>.<\/p>\n","protected":false},"excerpt":{"rendered":"<p>Focen\u00ed a nat\u00e1\u010den\u00ed erotick\u00fdch sc\u00e9n st\u00e1le pat\u0159\u00ed k tomu nej\u017e\u00e1dan\u011bj\u0161\u00edmu. Pouze vy sami si vyb\u00edr\u00e1te, jak budete pracovat. Na\u0161e agentura zprost\u0159edkov\u00e1v\u00e1 pr\u00e1ci ve focen\u00ed a nat\u00e1\u010den\u00ed p\u0159ev\u00e1\u017en\u011b &#8211; s\u00f3lo, hetero, gay a lesbo t\u00e9matiky. V\u0161e z\u00e1le\u017e\u00ed pouze na V\u00e1s, pracujeme diskr\u00e9tn\u011b a na \u00farovni. Ka\u017ed\u00fd jedinec (vyjma s\u00f3lo pr\u00e1ce) je p\u0159edem otestov\u00e1n na v\u0161echny pohlavn\u00ed choroby, tak\u017ee se o sv\u00e9 zdrav\u00ed b\u00e1t nemus\u00edte. V\u00fd\u0161e v\u00fdd\u011blku a \u010detnost zak\u00e1zek v\u017edy z\u00e1vis\u00ed na typu zak\u00e1zky a na kvalit\u00e1ch jedince. Je mo\u017enost si vyd\u011blat od des\u00edtek a\u017e po stovky tis\u00edc korun m\u011bs\u00ed\u010dn\u011b. Ti nejlep\u0161\u00ed mohou dostat i exklusivn\u00ed smlouvu. Pokud m\u00e1te z\u00e1jem o tento druh erotick\u00e9ho byznysu, tak nev\u00e1hejte vyplnit nez\u00e1vaznou registraci.<\/p>\n","protected":false},"author":1,"featured_media":0,"parent":0,"menu_order":0,"comment_status":"closed","ping_status":"closed","template":"templates\/template-full-width.php","meta":{"_monsterinsights_skip_tracking":false,"_monsterinsights_sitenote_active":false,"_monsterinsights_sitenote_note":"","_monsterinsights_sitenote_category":0,"footnotes":""},"yoast_head":"<!-- This site is optimized with the Yoast SEO plugin v22.2 - https:\/\/yoast.com\/wordpress\/plugins\/seo\/ -->\n<title>Sv\u011bt erotiky - zprost\u0159edkov\u00e1n\u00ed pr\u00e1ce v erotice pro ka\u017ed\u00e9ho<\/title>\n<meta name=\"description\" content=\"Pr\u00e1ce v erotice pro mu\u017ee, \u017eeny a p\u00e1ry. Erotick\u00e9 focen\u00ed a nat\u00e1\u010den\u00ed, pr\u00e1ce na live chatu z domu p\u0159es webkameru, scouting. Velmi vysok\u00e9 v\u00fdd\u011blky!\" \/>\n<meta name=\"robots\" content=\"index, follow, max-snippet:-1, max-video-preview:-1, noimageindex\" \/>\n<link rel=\"canonical\" href=\"https:\/\/www.svet-erotiky.eu\/\" \/>\n<meta property=\"og:locale\" content=\"cs_CZ\" \/>\n<meta property=\"og:type\" content=\"article\" \/>\n<meta property=\"og:title\" content=\"Sv\u011bt erotiky - zprost\u0159edkov\u00e1n\u00ed pr\u00e1ce v erotice pro ka\u017ed\u00e9ho\" \/>\n<meta property=\"og:description\" content=\"Pr\u00e1ce v erotice pro mu\u017ee, \u017eeny a p\u00e1ry. Erotick\u00e9 focen\u00ed a nat\u00e1\u010den\u00ed, pr\u00e1ce na live chatu z domu p\u0159es webkameru, scouting. Velmi vysok\u00e9 v\u00fdd\u011blky!\" \/>\n<meta property=\"og:url\" content=\"https:\/\/www.svet-erotiky.eu\/\" \/>\n<meta property=\"og:site_name\" content=\"Sv\u011bt erotiky\" \/>\n<meta property=\"article:modified_time\" content=\"2024-02-11T13:26:14+00:00\" \/>\n<meta property=\"og:image\" content=\"https:\/\/www.svet-erotiky.eu\/wp-content\/uploads\/2018\/03\/cropped-cropped-02-1.jpg\" \/>\n\t<meta property=\"og:image:width\" content=\"512\" \/>\n\t<meta property=\"og:image:height\" content=\"512\" \/>\n\t<meta property=\"og:image:type\" content=\"image\/jpeg\" \/>\n<meta name=\"twitter:card\" content=\"summary_large_image\" \/>\n<script type=\"application\/ld+json\" class=\"yoast-schema-graph\">{\"@context\":\"https:\/\/schema.org\",\"@graph\":[{\"@type\":\"WebPage\",\"@id\":\"https:\/\/www.svet-erotiky.eu\/index.php\/2-2\/\",\"url\":\"https:\/\/www.svet-erotiky.eu\/\",\"name\":\"Sv\u011bt erotiky - zprost\u0159edkov\u00e1n\u00ed pr\u00e1ce v erotice pro ka\u017ed\u00e9ho\",\"isPartOf\":{\"@id\":\"https:\/\/www.svet-erotiky.eu\/#website\"},\"datePublished\":\"2018-01-20T13:55:10+00:00\",\"dateModified\":\"2024-02-11T13:26:14+00:00\",\"description\":\"Pr\u00e1ce v erotice pro mu\u017ee, \u017eeny a p\u00e1ry. Erotick\u00e9 focen\u00ed a nat\u00e1\u010den\u00ed, pr\u00e1ce na live chatu z domu p\u0159es webkameru, scouting. Velmi vysok\u00e9 v\u00fdd\u011blky!\",\"breadcrumb\":{\"@id\":\"https:\/\/www.svet-erotiky.eu\/#breadcrumb\"},\"inLanguage\":\"cs\",\"potentialAction\":[{\"@type\":\"ReadAction\",\"target\":[\"https:\/\/www.svet-erotiky.eu\/\"]}]},{\"@type\":\"BreadcrumbList\",\"@id\":\"https:\/\/www.svet-erotiky.eu\/#breadcrumb\",\"itemListElement\":[{\"@type\":\"ListItem\",\"position\":1,\"name\":\"Dom\u016f\",\"item\":\"https:\/\/www.svet-erotiky.eu\/\"},{\"@type\":\"ListItem\",\"position\":2,\"name\":\"FOTO\/VIDEO\"}]},{\"@type\":\"WebSite\",\"@id\":\"https:\/\/www.svet-erotiky.eu\/#website\",\"url\":\"https:\/\/www.svet-erotiky.eu\/\",\"name\":\"Sv\u011bt erotiky\",\"description\":\"Erotick\u00e1 agentura\",\"publisher\":{\"@id\":\"https:\/\/www.svet-erotiky.eu\/#\/schema\/person\/e4919936b391a206ff5825facf95c8a2\"},\"potentialAction\":[{\"@type\":\"SearchAction\",\"target\":{\"@type\":\"EntryPoint\",\"urlTemplate\":\"https:\/\/www.svet-erotiky.eu\/?s={search_term_string}\"},\"query-input\":\"required name=search_term_string\"}],\"inLanguage\":\"cs\"},{\"@type\":[\"Person\",\"Organization\"],\"@id\":\"https:\/\/www.svet-erotiky.eu\/#\/schema\/person\/e4919936b391a206ff5825facf95c8a2\",\"name\":\"sveterotik\",\"image\":{\"@type\":\"ImageObject\",\"inLanguage\":\"cs\",\"@id\":\"https:\/\/www.svet-erotiky.eu\/#\/schema\/person\/image\/\",\"url\":\"https:\/\/www.svet-erotiky.eu\/wp-content\/uploads\/2018\/03\/cropped-02-1.jpg\",\"contentUrl\":\"https:\/\/www.svet-erotiky.eu\/wp-content\/uploads\/2018\/03\/cropped-02-1.jpg\",\"width\":512,\"height\":512,\"caption\":\"sveterotik\"},\"logo\":{\"@id\":\"https:\/\/www.svet-erotiky.eu\/#\/schema\/person\/image\/\"}}]}<\/script>\n<!-- \/ Yoast SEO plugin. -->","yoast_head_json":{"title":"Sv\u011bt erotiky - zprost\u0159edkov\u00e1n\u00ed pr\u00e1ce v erotice pro ka\u017ed\u00e9ho","description":"Pr\u00e1ce v erotice pro mu\u017ee, \u017eeny a p\u00e1ry. Erotick\u00e9 focen\u00ed a nat\u00e1\u010den\u00ed, pr\u00e1ce na live chatu z domu p\u0159es webkameru, scouting. Velmi vysok\u00e9 v\u00fdd\u011blky!","robots":{"index":"index","follow":"follow","max-snippet":"max-snippet:-1","max-video-preview":"max-video-preview:-1","imageindex":"noimageindex"},"canonical":"https:\/\/www.svet-erotiky.eu\/","og_locale":"cs_CZ","og_type":"article","og_title":"Sv\u011bt erotiky - zprost\u0159edkov\u00e1n\u00ed pr\u00e1ce v erotice pro ka\u017ed\u00e9ho","og_description":"Pr\u00e1ce v erotice pro mu\u017ee, \u017eeny a p\u00e1ry. Erotick\u00e9 focen\u00ed a nat\u00e1\u010den\u00ed, pr\u00e1ce na live chatu z domu p\u0159es webkameru, scouting. Velmi vysok\u00e9 v\u00fdd\u011blky!","og_url":"https:\/\/www.svet-erotiky.eu\/","og_site_name":"Sv\u011bt erotiky","article_modified_time":"2024-02-11T13:26:14+00:00","og_image":[{"width":512,"height":512,"url":"https:\/\/www.svet-erotiky.eu\/wp-content\/uploads\/2018\/03\/cropped-cropped-02-1.jpg","type":"image\/jpeg"}],"twitter_card":"summary_large_image","schema":{"@context":"https:\/\/schema.org","@graph":[{"@type":"WebPage","@id":"https:\/\/www.svet-erotiky.eu\/index.php\/2-2\/","url":"https:\/\/www.svet-erotiky.eu\/","name":"Sv\u011bt erotiky - zprost\u0159edkov\u00e1n\u00ed pr\u00e1ce v erotice pro ka\u017ed\u00e9ho","isPartOf":{"@id":"https:\/\/www.svet-erotiky.eu\/#website"},"datePublished":"2018-01-20T13:55:10+00:00","dateModified":"2024-02-11T13:26:14+00:00","description":"Pr\u00e1ce v erotice pro mu\u017ee, \u017eeny a p\u00e1ry. Erotick\u00e9 focen\u00ed a nat\u00e1\u010den\u00ed, pr\u00e1ce na live chatu z domu p\u0159es webkameru, scouting. Velmi vysok\u00e9 v\u00fdd\u011blky!","breadcrumb":{"@id":"https:\/\/www.svet-erotiky.eu\/#breadcrumb"},"inLanguage":"cs","potentialAction":[{"@type":"ReadAction","target":["https:\/\/www.svet-erotiky.eu\/"]}]},{"@type":"BreadcrumbList","@id":"https:\/\/www.svet-erotiky.eu\/#breadcrumb","itemListElement":[{"@type":"ListItem","position":1,"name":"Dom\u016f","item":"https:\/\/www.svet-erotiky.eu\/"},{"@type":"ListItem","position":2,"name":"FOTO\/VIDEO"}]},{"@type":"WebSite","@id":"https:\/\/www.svet-erotiky.eu\/#website","url":"https:\/\/www.svet-erotiky.eu\/","name":"Sv\u011bt erotiky","description":"Erotick\u00e1 agentura","publisher":{"@id":"https:\/\/www.svet-erotiky.eu\/#\/schema\/person\/e4919936b391a206ff5825facf95c8a2"},"potentialAction":[{"@type":"SearchAction","target":{"@type":"EntryPoint","urlTemplate":"https:\/\/www.svet-erotiky.eu\/?s={search_term_string}"},"query-input":"required name=search_term_string"}],"inLanguage":"cs"},{"@type":["Person","Organization"],"@id":"https:\/\/www.svet-erotiky.eu\/#\/schema\/person\/e4919936b391a206ff5825facf95c8a2","name":"sveterotik","image":{"@type":"ImageObject","inLanguage":"cs","@id":"https:\/\/www.svet-erotiky.eu\/#\/schema\/person\/image\/","url":"https:\/\/www.svet-erotiky.eu\/wp-content\/uploads\/2018\/03\/cropped-02-1.jpg","contentUrl":"https:\/\/www.svet-erotiky.eu\/wp-content\/uploads\/2018\/03\/cropped-02-1.jpg","width":512,"height":512,"caption":"sveterotik"},"logo":{"@id":"https:\/\/www.svet-erotiky.eu\/#\/schema\/person\/image\/"}}]}},"_links":{"self":[{"href":"https:\/\/www.svet-erotiky.eu\/index.php\/wp-json\/wp\/v2\/pages\/38"}],"collection":[{"href":"https:\/\/www.svet-erotiky.eu\/index.php\/wp-json\/wp\/v2\/pages"}],"about":[{"href":"https:\/\/www.svet-erotiky.eu\/index.php\/wp-json\/wp\/v2\/types\/page"}],"author":[{"embeddable":true,"href":"https:\/\/www.svet-erotiky.eu\/index.php\/wp-json\/wp\/v2\/users\/1"}],"replies":[{"embeddable":true,"href":"https:\/\/www.svet-erotiky.eu\/index.php\/wp-json\/wp\/v2\/comments?post=38"}],"version-history":[{"count":19,"href":"https:\/\/www.svet-erotiky.eu\/index.php\/wp-json\/wp\/v2\/pages\/38\/revisions"}],"predecessor-version":[{"id":3272,"href":"https:\/\/www.svet-erotiky.eu\/index.php\/wp-json\/wp\/v2\/pages\/38\/revisions\/3272"}],"wp:attachment":[{"href":"https:\/\/www.svet-erotiky.eu\/index.php\/wp-json\/wp\/v2\/media?parent=38"}],"curies":[{"name":"wp","href":"https:\/\/api.w.org\/{rel}","templated":true}]}}