{"id":393,"date":"2018-07-21T18:35:14","date_gmt":"2018-07-21T18:35:14","guid":{"rendered":"https:\/\/www.svet-erotiky.eu\/?page_id=393"},"modified":"2024-12-17T18:10:15","modified_gmt":"2024-12-17T18:10:15","slug":"ochrana","status":"publish","type":"page","link":"https:\/\/www.svet-erotiky.eu\/index.php\/ochrana\/","title":{"rendered":"Ochrana osobn\u00edch \u00fadaj\u016f"},"content":{"rendered":"<h1 style=\"text-align: center;\"><strong>Ochrana osobn\u00edch \u00fadaj\u016f<\/strong><\/h1>\n<p>Webov\u00e9 str\u00e1nky <span style=\"color: #ff0000;\"><a style=\"color: #ff0000;\" href=\"http:\/\/www.svet-erotiky.eu\"><strong>svet-erotiky.eu<\/strong><\/a><\/span>\u00a0chr\u00e1n\u00ed Va\u0161e osobn\u00ed \u00fadaje. S osobn\u00edmi \u00fadaji v\u0161ech registruj\u00edc\u00edch nakl\u00e1d\u00e1me v\u00fdhradn\u011b v souladu s platnou legislativou. Data zpracov\u00e1v\u00e1me pouze v rozsahu nezbytn\u011b nutn\u00e9m a po dobu nezbytn\u011b nutnou. N\u00ed\u017ee naleznete informace o tom, jak s Va\u0161imi osobn\u00edmi \u00fadaji nakl\u00e1d\u00e1me a jak jsou Va\u0161e data chr\u00e1n\u011bna.<\/p>\n<ul>\n<li><strong>Kdo je spr\u00e1vce osobn\u00edch \u00fadaj\u016f?<\/strong><\/li>\n<\/ul>\n<p>Spr\u00e1vcem osobn\u00edch \u00fadaj\u016f jsou internetov\u00e9 str\u00e1nky: <strong><span style=\"color: #ff0000;\"><a style=\"color: #ff0000;\" href=\"http:\/\/www.svet-erotiky.eu\">svet-erotiky.eu<\/a><\/span><\/strong><\/p>\n<ul>\n<li><strong>Kdo je zpracovatel osobn\u00edch \u00fadaj\u016f?<\/strong><\/li>\n<\/ul>\n<p>Zpracovatelem osobn\u00edch \u00fadaj\u016f jsou internetov\u00e9 str\u00e1nky: <strong><span style=\"color: #ff0000;\"><a style=\"color: #ff0000;\" href=\"http:\/\/www.svet-erotiky.eu\">svet-erotiky.eu<\/a><\/span><\/strong><\/p>\n<ul>\n<li><strong>Jak\u00e9 osobn\u00ed \u00fadaje zpracov\u00e1v\u00e1me?<\/strong><\/li>\n<\/ul>\n<p>Zpracov\u00e1v\u00e1me zejm\u00e9na takov\u00e9 osobn\u00ed \u00fadaje, kter\u00e9 jsou v registra\u010dn\u00edm formul\u00e1\u0159i a jsou nezbytn\u011b nutn\u00e9 k z\u00edsk\u00e1n\u00ed pr\u00e1ce. Z registra\u010dn\u00edho formul\u00e1\u0159e zpracov\u00e1v\u00e1me tyto \u00fadaje:<\/p>\n<ul>\n<li>M\u00e1m z\u00e1jem o<\/li>\n<li>Zku\u0161enosti<\/li>\n<li>Jm\u00e9no<\/li>\n<li>P\u0159\u00edjmen\u00ed<\/li>\n<li>Rok narozen\u00ed<\/li>\n<li>Bydli\u0161t\u011b-m\u011bsto<\/li>\n<li>Ciz\u00ed jazyk<\/li>\n<li>E-mail<\/li>\n<li>Telefonn\u00ed \u010d\u00edslo<\/li>\n<li>Dopl\u0148uj\u00edc\u00ed informace<\/li>\n<\/ul>\n<p>Pro zlep\u0161en\u00ed fungov\u00e1n\u00ed str\u00e1nek d\u00e9le vyu\u017e\u00edv\u00e1me soubory cookies (v\u00edce informac\u00ed <span style=\"color: #ff0000;\"><a style=\"color: #ff0000;\" href=\"https:\/\/www.svet-erotiky.eu\/index.php\/cookies\/\">zde<\/a><\/span>)<\/p>\n<p>D\u00e1le vyu\u017e\u00edv\u00e1me Google Analytics (v\u00edce informac\u00ed <span style=\"color: #ff0000;\"><a style=\"color: #ff0000;\" href=\"https:\/\/cs.wikipedia.org\/wiki\/Google_Analytics\" target=\"_blank\" rel=\"noopener\">zde<\/a><\/span>)<\/p>\n<ul>\n<li><strong>K jak\u00fdm \u00fa\u010del\u016fm budou osobn\u00ed \u00fadaje zpracov\u00e1ny a uchov\u00e1ny?<\/strong><\/li>\n<\/ul>\n<p>Pro poskytnut\u00ed t\u0159et\u00edm stran\u00e1m, kter\u00fdmi jsou: produkce, aby tyto \u00fadaje u\u017eili ke zprost\u0159edkov\u00e1n\u00ed pr\u00e1ce v\u00a0erotice.<\/p>\n<ul>\n<li><strong>Jak dlouhou budou osobn\u00ed \u00fadaje uchov\u00e1ny?<\/strong><\/li>\n<\/ul>\n<p>Spr\u00e1vce bude uchov\u00e1vat osobn\u00ed \u00fadaje po dobu nezbytn\u011b nutnou. Ov\u0161em nejd\u00e9le po dobu jednoho roku.<\/p>\n<ul>\n<li><strong>Jak\u00fdm zp\u016fsobem budou osobn\u00ed \u00fadaje zpracov\u00e1ny a uchov\u00e1ny?<\/strong><\/li>\n<\/ul>\n<p>Osobn\u00ed \u00fadaje budou zpracov\u00e1ny pouze elektronicky. Webov\u00e9 str\u00e1nky vyu\u017e\u00edvaj\u00ed\u00a0technologii Secure Socket Layer (SSL).\u00a0 Osobn\u00ed \u00fadaje jsou uchov\u00e1v\u00e1ny ne serverech poskytovatele webhostingu na\u0161ich webov\u00fdch str\u00e1nek. V\u00edce informac\u00ed o zabezpe\u010den\u00ed na\u0161eho poskytovatele webhostingu naleznete <a href=\"https:\/\/faq.active24.com\/cz\/757409-Bezpe%C4%8Dnost\" target=\"_blank\" rel=\"noopener\"><span style=\"color: #ff0000;\">zde<\/span><\/a>.<\/p>\n<ul>\n<li><strong>Kdo m\u00e1 k Va\u0161im osobn\u00edm \u00fadaj\u016fm p\u0159\u00edstup?<\/strong><\/li>\n<\/ul>\n<p>My &#8211;\u00a0<span style=\"color: #ff0000;\"><strong style=\"color: #ff0000;\"><a style=\"color: #ff0000;\" href=\"http:\/\/www.svet-erotiky.eu\">svet-erotiky.eu<\/a>\u00a0<\/strong><span style=\"color: #000000;\">a d\u00e1le\u00a0produkce, aby tyto \u00fadaje u\u017eili ke zprost\u0159edkov\u00e1n\u00ed pr\u00e1ce v\u00a0erotice.<\/span><\/span><\/p>\n<ul>\n<li><strong>Jak\u00e1 jsou Va\u0161e pr\u00e1va?<\/strong><\/li>\n<\/ul>\n<p>M\u00e1te pr\u00e1vo na\u00a0<strong>p\u0159\u00edstup k osobn\u00edm \u00fadaj\u016fm<\/strong>. D\u00e1le\u00a0pr\u00e1vo na jejich\u00a0<strong>opravu nebo v\u00fdmaz<\/strong>, pop\u0159\u00edpad\u011b\u00a0<strong>omezen\u00ed zpracov\u00e1n\u00ed<\/strong>. M\u00e1te pr\u00e1vo po\u017eadovat informaci,\u00a0<strong>jak\u00e9 osobn\u00ed \u00fadaje jsou zpracov\u00e1v\u00e1ny<\/strong>\u00a0a pr\u00e1vo po\u017eadovat\u00a0<strong>vysv\u011btlen\u00ed ohledn\u011b zpracov\u00e1n\u00ed osobn\u00edch \u00fadaj\u016f<\/strong>.<\/p>\n<p>Toto v\u0161e m\u016f\u017eete prov\u00e9st na adrese:\u00a0<span style=\"color: #ff0000;\"><strong><a style=\"color: #ff0000;\" href=\"https:\/\/www.svet-erotiky.eu\/index.php\/gdpr\/\">https:\/\/www.svet-erotiky.eu\/index.php\/gdpr\/<\/a><\/strong><\/span>\u00a0 nebo odesl\u00e1n\u00edm e-mailu na adresu\u00a0<span style=\"color: #ff0000;\"><a style=\"color: #ff0000;\" href=\"mailto:info@svet-erotiky.eu\"><strong>info@svet-erotiky.eu<\/strong><\/a><\/span><\/p>\n","protected":false},"excerpt":{"rendered":"<p>Ochrana osobn\u00edch \u00fadaj\u016f Webov\u00e9 str\u00e1nky svet-erotiky.eu\u00a0chr\u00e1n\u00ed Va\u0161e osobn\u00ed \u00fadaje. S osobn\u00edmi \u00fadaji v\u0161ech registruj\u00edc\u00edch nakl\u00e1d\u00e1me v\u00fdhradn\u011b v souladu s platnou legislativou. Data zpracov\u00e1v\u00e1me pouze v rozsahu nezbytn\u011b nutn\u00e9m a po dobu nezbytn\u011b nutnou. N\u00ed\u017ee naleznete informace o tom, jak s Va\u0161imi osobn\u00edmi \u00fadaji nakl\u00e1d\u00e1me a jak jsou Va\u0161e data chr\u00e1n\u011bna. Kdo je spr\u00e1vce osobn\u00edch \u00fadaj\u016f? Spr\u00e1vcem osobn\u00edch \u00fadaj\u016f jsou internetov\u00e9 str\u00e1nky: svet-erotiky.eu Kdo je zpracovatel osobn\u00edch \u00fadaj\u016f? Zpracovatelem osobn\u00edch \u00fadaj\u016f jsou internetov\u00e9 str\u00e1nky: svet-erotiky.eu Jak\u00e9 osobn\u00ed \u00fadaje zpracov\u00e1v\u00e1me? Zpracov\u00e1v\u00e1me zejm\u00e9na takov\u00e9 osobn\u00ed \u00fadaje, kter\u00e9 jsou v registra\u010dn\u00edm formul\u00e1\u0159i a jsou nezbytn\u011b nutn\u00e9 k z\u00edsk\u00e1n\u00ed pr\u00e1ce. Z registra\u010dn\u00edho formul\u00e1\u0159e zpracov\u00e1v\u00e1me tyto \u00fadaje: M\u00e1m z\u00e1jem o Zku\u0161enosti Jm\u00e9no P\u0159\u00edjmen\u00ed Rok narozen\u00ed Bydli\u0161t\u011b-m\u011bsto Ciz\u00ed jazyk E-mail Telefonn\u00ed \u010d\u00edslo Dopl\u0148uj\u00edc\u00ed informace Pro zlep\u0161en\u00ed fungov\u00e1n\u00ed str\u00e1nek d\u00e9le vyu\u017e\u00edv\u00e1me soubory cookies (v\u00edce informac\u00ed zde) D\u00e1le vyu\u017e\u00edv\u00e1me Google Analytics (v\u00edce informac\u00ed zde) K jak\u00fdm \u00fa\u010del\u016fm budou osobn\u00ed \u00fadaje zpracov\u00e1ny a uchov\u00e1ny? Pro poskytnut\u00ed t\u0159et\u00edm stran\u00e1m, kter\u00fdmi jsou: produkce, aby tyto \u00fadaje u\u017eili ke zprost\u0159edkov\u00e1n\u00ed pr\u00e1ce v\u00a0erotice. Jak dlouhou budou osobn\u00ed \u00fadaje uchov\u00e1ny? Spr\u00e1vce bude uchov\u00e1vat osobn\u00ed \u00fadaje po dobu nezbytn\u011b nutnou. Ov\u0161em nejd\u00e9le po dobu jednoho roku. Jak\u00fdm zp\u016fsobem budou osobn\u00ed \u00fadaje zpracov\u00e1ny a uchov\u00e1ny? Osobn\u00ed \u00fadaje budou zpracov\u00e1ny pouze elektronicky. Webov\u00e9 str\u00e1nky vyu\u017e\u00edvaj\u00ed\u00a0technologii Secure Socket Layer (SSL).\u00a0 Osobn\u00ed \u00fadaje jsou uchov\u00e1v\u00e1ny ne serverech poskytovatele webhostingu na\u0161ich webov\u00fdch str\u00e1nek. V\u00edce informac\u00ed o zabezpe\u010den\u00ed na\u0161eho poskytovatele webhostingu naleznete zde. Kdo m\u00e1 k Va\u0161im osobn\u00edm \u00fadaj\u016fm p\u0159\u00edstup? My &#8211;\u00a0svet-erotiky.eu\u00a0a d\u00e1le\u00a0produkce, aby tyto \u00fadaje u\u017eili ke zprost\u0159edkov\u00e1n\u00ed pr\u00e1ce v\u00a0erotice. Jak\u00e1 jsou Va\u0161e pr\u00e1va? M\u00e1te pr\u00e1vo na\u00a0p\u0159\u00edstup k osobn\u00edm \u00fadaj\u016fm. D\u00e1le\u00a0pr\u00e1vo na jejich\u00a0opravu nebo v\u00fdmaz, pop\u0159\u00edpad\u011b\u00a0omezen\u00ed zpracov\u00e1n\u00ed. M\u00e1te pr\u00e1vo po\u017eadovat informaci,\u00a0jak\u00e9 osobn\u00ed \u00fadaje jsou zpracov\u00e1v\u00e1ny\u00a0a pr\u00e1vo po\u017eadovat\u00a0vysv\u011btlen\u00ed ohledn\u011b zpracov\u00e1n\u00ed osobn\u00edch \u00fadaj\u016f. Toto v\u0161e m\u016f\u017eete prov\u00e9st na adrese:\u00a0https:\/\/www.svet-erotiky.eu\/index.php\/gdpr\/\u00a0 nebo odesl\u00e1n\u00edm e-mailu na adresu\u00a0info@svet-erotiky.eu<\/p>\n","protected":false},"author":1,"featured_media":0,"parent":0,"menu_order":0,"comment_status":"closed","ping_status":"closed","template":"templates\/template-full-width.php","meta":{"_monsterinsights_skip_tracking":false,"_monsterinsights_sitenote_active":false,"_monsterinsights_sitenote_note":"","_monsterinsights_sitenote_category":0,"footnotes":""},"yoast_head":"<!-- This site is optimized with the Yoast SEO plugin v22.2 - https:\/\/yoast.com\/wordpress\/plugins\/seo\/ -->\n<title>Sv\u011bt erotiky - zprost\u0159edkov\u00e1n\u00ed pr\u00e1ce v erotice pro ka\u017ed\u00e9ho<\/title>\n<meta name=\"description\" content=\"Pr\u00e1ce v erotice pro mu\u017ee, \u017eeny a p\u00e1ry. Erotick\u00e9 focen\u00ed a nat\u00e1\u010den\u00ed, pr\u00e1ce na live chatu z domu p\u0159es webkameru, scouting. Velmi vysok\u00e9 v\u00fdd\u011blky!\" \/>\n<meta name=\"robots\" content=\"noindex, follow\" \/>\n<meta property=\"og:locale\" content=\"cs_CZ\" \/>\n<meta property=\"og:type\" content=\"article\" \/>\n<meta property=\"og:title\" content=\"Sv\u011bt erotiky - zprost\u0159edkov\u00e1n\u00ed pr\u00e1ce v erotice pro ka\u017ed\u00e9ho\" \/>\n<meta property=\"og:description\" content=\"Pr\u00e1ce v erotice pro mu\u017ee, \u017eeny a p\u00e1ry. Erotick\u00e9 focen\u00ed a nat\u00e1\u010den\u00ed, pr\u00e1ce na live chatu z domu p\u0159es webkameru, scouting. Velmi vysok\u00e9 v\u00fdd\u011blky!\" \/>\n<meta property=\"og:url\" content=\"https:\/\/www.svet-erotiky.eu\/\" \/>\n<meta property=\"og:site_name\" content=\"Sv\u011bt erotiky\" \/>\n<meta property=\"article:modified_time\" content=\"2024-12-17T18:10:15+00:00\" \/>\n<meta property=\"og:image\" content=\"https:\/\/www.svet-erotiky.eu\/wp-content\/uploads\/2018\/03\/cropped-cropped-02-1.jpg\" \/>\n\t<meta property=\"og:image:width\" content=\"512\" \/>\n\t<meta property=\"og:image:height\" content=\"512\" \/>\n\t<meta property=\"og:image:type\" content=\"image\/jpeg\" \/>\n<meta name=\"twitter:card\" content=\"summary_large_image\" \/>\n<script type=\"application\/ld+json\" class=\"yoast-schema-graph\">{\"@context\":\"https:\/\/schema.org\",\"@graph\":[{\"@type\":\"WebPage\",\"@id\":\"https:\/\/www.svet-erotiky.eu\/index.php\/ochrana\/\",\"url\":\"https:\/\/www.svet-erotiky.eu\/\",\"name\":\"Sv\u011bt erotiky - zprost\u0159edkov\u00e1n\u00ed pr\u00e1ce v erotice pro ka\u017ed\u00e9ho\",\"isPartOf\":{\"@id\":\"https:\/\/www.svet-erotiky.eu\/#website\"},\"datePublished\":\"2018-07-21T18:35:14+00:00\",\"dateModified\":\"2024-12-17T18:10:15+00:00\",\"description\":\"Pr\u00e1ce v erotice pro mu\u017ee, \u017eeny a p\u00e1ry. Erotick\u00e9 focen\u00ed a nat\u00e1\u010den\u00ed, pr\u00e1ce na live chatu z domu p\u0159es webkameru, scouting. Velmi vysok\u00e9 v\u00fdd\u011blky!\",\"breadcrumb\":{\"@id\":\"https:\/\/www.svet-erotiky.eu\/#breadcrumb\"},\"inLanguage\":\"cs\",\"potentialAction\":[{\"@type\":\"ReadAction\",\"target\":[\"https:\/\/www.svet-erotiky.eu\/\"]}]},{\"@type\":\"BreadcrumbList\",\"@id\":\"https:\/\/www.svet-erotiky.eu\/#breadcrumb\",\"itemListElement\":[{\"@type\":\"ListItem\",\"position\":1,\"name\":\"Dom\u016f\",\"item\":\"https:\/\/www.svet-erotiky.eu\/\"},{\"@type\":\"ListItem\",\"position\":2,\"name\":\"Ochrana osobn\u00edch \u00fadaj\u016f\"}]},{\"@type\":\"WebSite\",\"@id\":\"https:\/\/www.svet-erotiky.eu\/#website\",\"url\":\"https:\/\/www.svet-erotiky.eu\/\",\"name\":\"Sv\u011bt erotiky\",\"description\":\"Erotick\u00e1 agentura\",\"publisher\":{\"@id\":\"https:\/\/www.svet-erotiky.eu\/#\/schema\/person\/e4919936b391a206ff5825facf95c8a2\"},\"potentialAction\":[{\"@type\":\"SearchAction\",\"target\":{\"@type\":\"EntryPoint\",\"urlTemplate\":\"https:\/\/www.svet-erotiky.eu\/?s={search_term_string}\"},\"query-input\":\"required name=search_term_string\"}],\"inLanguage\":\"cs\"},{\"@type\":[\"Person\",\"Organization\"],\"@id\":\"https:\/\/www.svet-erotiky.eu\/#\/schema\/person\/e4919936b391a206ff5825facf95c8a2\",\"name\":\"sveterotik\",\"image\":{\"@type\":\"ImageObject\",\"inLanguage\":\"cs\",\"@id\":\"https:\/\/www.svet-erotiky.eu\/#\/schema\/person\/image\/\",\"url\":\"https:\/\/www.svet-erotiky.eu\/wp-content\/uploads\/2018\/03\/cropped-02-1.jpg\",\"contentUrl\":\"https:\/\/www.svet-erotiky.eu\/wp-content\/uploads\/2018\/03\/cropped-02-1.jpg\",\"width\":512,\"height\":512,\"caption\":\"sveterotik\"},\"logo\":{\"@id\":\"https:\/\/www.svet-erotiky.eu\/#\/schema\/person\/image\/\"}}]}<\/script>\n<!-- \/ Yoast SEO plugin. -->","yoast_head_json":{"title":"Sv\u011bt erotiky - zprost\u0159edkov\u00e1n\u00ed pr\u00e1ce v erotice pro ka\u017ed\u00e9ho","description":"Pr\u00e1ce v erotice pro mu\u017ee, \u017eeny a p\u00e1ry. Erotick\u00e9 focen\u00ed a nat\u00e1\u010den\u00ed, pr\u00e1ce na live chatu z domu p\u0159es webkameru, scouting. Velmi vysok\u00e9 v\u00fdd\u011blky!","robots":{"index":"noindex","follow":"follow"},"og_locale":"cs_CZ","og_type":"article","og_title":"Sv\u011bt erotiky - zprost\u0159edkov\u00e1n\u00ed pr\u00e1ce v erotice pro ka\u017ed\u00e9ho","og_description":"Pr\u00e1ce v erotice pro mu\u017ee, \u017eeny a p\u00e1ry. Erotick\u00e9 focen\u00ed a nat\u00e1\u010den\u00ed, pr\u00e1ce na live chatu z domu p\u0159es webkameru, scouting. Velmi vysok\u00e9 v\u00fdd\u011blky!","og_url":"https:\/\/www.svet-erotiky.eu\/","og_site_name":"Sv\u011bt erotiky","article_modified_time":"2024-12-17T18:10:15+00:00","og_image":[{"width":512,"height":512,"url":"https:\/\/www.svet-erotiky.eu\/wp-content\/uploads\/2018\/03\/cropped-cropped-02-1.jpg","type":"image\/jpeg"}],"twitter_card":"summary_large_image","schema":{"@context":"https:\/\/schema.org","@graph":[{"@type":"WebPage","@id":"https:\/\/www.svet-erotiky.eu\/index.php\/ochrana\/","url":"https:\/\/www.svet-erotiky.eu\/","name":"Sv\u011bt erotiky - zprost\u0159edkov\u00e1n\u00ed pr\u00e1ce v erotice pro ka\u017ed\u00e9ho","isPartOf":{"@id":"https:\/\/www.svet-erotiky.eu\/#website"},"datePublished":"2018-07-21T18:35:14+00:00","dateModified":"2024-12-17T18:10:15+00:00","description":"Pr\u00e1ce v erotice pro mu\u017ee, \u017eeny a p\u00e1ry. Erotick\u00e9 focen\u00ed a nat\u00e1\u010den\u00ed, pr\u00e1ce na live chatu z domu p\u0159es webkameru, scouting. Velmi vysok\u00e9 v\u00fdd\u011blky!","breadcrumb":{"@id":"https:\/\/www.svet-erotiky.eu\/#breadcrumb"},"inLanguage":"cs","potentialAction":[{"@type":"ReadAction","target":["https:\/\/www.svet-erotiky.eu\/"]}]},{"@type":"BreadcrumbList","@id":"https:\/\/www.svet-erotiky.eu\/#breadcrumb","itemListElement":[{"@type":"ListItem","position":1,"name":"Dom\u016f","item":"https:\/\/www.svet-erotiky.eu\/"},{"@type":"ListItem","position":2,"name":"Ochrana osobn\u00edch \u00fadaj\u016f"}]},{"@type":"WebSite","@id":"https:\/\/www.svet-erotiky.eu\/#website","url":"https:\/\/www.svet-erotiky.eu\/","name":"Sv\u011bt erotiky","description":"Erotick\u00e1 agentura","publisher":{"@id":"https:\/\/www.svet-erotiky.eu\/#\/schema\/person\/e4919936b391a206ff5825facf95c8a2"},"potentialAction":[{"@type":"SearchAction","target":{"@type":"EntryPoint","urlTemplate":"https:\/\/www.svet-erotiky.eu\/?s={search_term_string}"},"query-input":"required name=search_term_string"}],"inLanguage":"cs"},{"@type":["Person","Organization"],"@id":"https:\/\/www.svet-erotiky.eu\/#\/schema\/person\/e4919936b391a206ff5825facf95c8a2","name":"sveterotik","image":{"@type":"ImageObject","inLanguage":"cs","@id":"https:\/\/www.svet-erotiky.eu\/#\/schema\/person\/image\/","url":"https:\/\/www.svet-erotiky.eu\/wp-content\/uploads\/2018\/03\/cropped-02-1.jpg","contentUrl":"https:\/\/www.svet-erotiky.eu\/wp-content\/uploads\/2018\/03\/cropped-02-1.jpg","width":512,"height":512,"caption":"sveterotik"},"logo":{"@id":"https:\/\/www.svet-erotiky.eu\/#\/schema\/person\/image\/"}}]}},"_links":{"self":[{"href":"https:\/\/www.svet-erotiky.eu\/index.php\/wp-json\/wp\/v2\/pages\/393"}],"collection":[{"href":"https:\/\/www.svet-erotiky.eu\/index.php\/wp-json\/wp\/v2\/pages"}],"about":[{"href":"https:\/\/www.svet-erotiky.eu\/index.php\/wp-json\/wp\/v2\/types\/page"}],"author":[{"embeddable":true,"href":"https:\/\/www.svet-erotiky.eu\/index.php\/wp-json\/wp\/v2\/users\/1"}],"replies":[{"embeddable":true,"href":"https:\/\/www.svet-erotiky.eu\/index.php\/wp-json\/wp\/v2\/comments?post=393"}],"version-history":[{"count":25,"href":"https:\/\/www.svet-erotiky.eu\/index.php\/wp-json\/wp\/v2\/pages\/393\/revisions"}],"predecessor-version":[{"id":3635,"href":"https:\/\/www.svet-erotiky.eu\/index.php\/wp-json\/wp\/v2\/pages\/393\/revisions\/3635"}],"wp:attachment":[{"href":"https:\/\/www.svet-erotiky.eu\/index.php\/wp-json\/wp\/v2\/media?parent=393"}],"curies":[{"name":"wp","href":"https:\/\/api.w.org\/{rel}","templated":true}]}}